{"id":3068,"date":"2023-10-08T17:18:03","date_gmt":"2023-10-08T17:18:03","guid":{"rendered":"https:\/\/eduardomauricioadvocacia.com\/?page_id=3068"},"modified":"2024-11-21T14:06:08","modified_gmt":"2024-11-21T14:06:08","slug":"nomeacoes","status":"publish","type":"page","link":"https:\/\/eduardomauricioadvocacia.com\/index.php\/nomeacoes\/","title":{"rendered":"Nomea\u00e7\u00f5es"},"content":{"rendered":"\t\t<div data-elementor-type=\"wp-post\" data-elementor-id=\"3068\" class=\"elementor elementor-3068\" data-elementor-post-type=\"page\">\n\t\t\t\t\t\t<section class=\"elementor-section elementor-top-section elementor-element elementor-element-3f8acea9 elementor-section-height-min-height elementor-section-boxed elementor-section-height-default elementor-section-items-middle\" data-id=\"3f8acea9\" data-element_type=\"section\" data-e-type=\"section\" data-settings=\"{&quot;background_background&quot;:&quot;classic&quot;}\">\n\t\t\t\t\t\t<div class=\"elementor-container elementor-column-gap-default\">\n\t\t\t\t\t<div class=\"elementor-column elementor-col-100 elementor-top-column elementor-element elementor-element-11d839a8\" data-id=\"11d839a8\" data-element_type=\"column\" data-e-type=\"column\">\n\t\t\t<div class=\"elementor-widget-wrap elementor-element-populated\">\n\t\t\t\t\t\t<div class=\"elementor-element elementor-element-3a9868f2 elementor-widget elementor-widget-heading\" data-id=\"3a9868f2\" data-element_type=\"widget\" data-e-type=\"widget\" data-widget_type=\"heading.default\">\n\t\t\t\t<div class=\"elementor-widget-container\">\n\t\t\t\t\t<h1 class=\"elementor-heading-title elementor-size-default\">Nomea\u00e7\u00f5es<\/h1>\t\t\t\t<\/div>\n\t\t\t\t<\/div>\n\t\t\t\t\t<\/div>\n\t\t<\/div>\n\t\t\t\t\t<\/div>\n\t\t<\/section>\n\t\t\t\t<section class=\"elementor-section elementor-top-section elementor-element elementor-element-1103fcfd elementor-section-boxed elementor-section-height-default elementor-section-height-default\" data-id=\"1103fcfd\" data-element_type=\"section\" data-e-type=\"section\">\n\t\t\t\t\t\t<div class=\"elementor-container elementor-column-gap-default\">\n\t\t\t\t\t<div class=\"elementor-column elementor-col-100 elementor-top-column elementor-element elementor-element-426daf03\" data-id=\"426daf03\" data-element_type=\"column\" data-e-type=\"column\">\n\t\t\t<div class=\"elementor-widget-wrap elementor-element-populated\">\n\t\t\t\t\t\t<div class=\"elementor-element elementor-element-db32be9 elementor-grid-3 elementor-grid-tablet-2 elementor-grid-mobile-1 elementor-posts--thumbnail-top elementor-card-shadow-yes elementor-posts__hover-gradient elementor-widget elementor-widget-posts\" data-id=\"db32be9\" data-element_type=\"widget\" data-e-type=\"widget\" data-settings=\"{&quot;pagination_type&quot;:&quot;load_more_infinite_scroll&quot;,&quot;cards_masonry&quot;:&quot;yes&quot;,&quot;cards_columns&quot;:&quot;3&quot;,&quot;cards_columns_tablet&quot;:&quot;2&quot;,&quot;cards_columns_mobile&quot;:&quot;1&quot;,&quot;cards_row_gap&quot;:{&quot;unit&quot;:&quot;px&quot;,&quot;size&quot;:35,&quot;sizes&quot;:[]},&quot;cards_row_gap_tablet&quot;:{&quot;unit&quot;:&quot;px&quot;,&quot;size&quot;:&quot;&quot;,&quot;sizes&quot;:[]},&quot;cards_row_gap_mobile&quot;:{&quot;unit&quot;:&quot;px&quot;,&quot;size&quot;:&quot;&quot;,&quot;sizes&quot;:[]},&quot;load_more_spinner&quot;:{&quot;value&quot;:&quot;fas fa-spinner&quot;,&quot;library&quot;:&quot;fa-solid&quot;}}\" data-widget_type=\"posts.cards\">\n\t\t\t\t<div class=\"elementor-widget-container\">\n\t\t\t\t\t\t\t<div class=\"elementor-posts-container elementor-posts elementor-posts--skin-cards elementor-grid\" role=\"list\">\n\t\t\t\t<article class=\"elementor-post elementor-grid-item post-4855 post type-post status-publish format-standard has-post-thumbnail hentry category-nomeacoes\" role=\"listitem\">\n\t\t\t<div class=\"elementor-post__card\">\n\t\t\t\t<a class=\"elementor-post__thumbnail__link\" href=\"https:\/\/eduardomauricioadvocacia.com\/index.php\/2024\/11\/21\/nomeado-diretor-da-area-de-compliance-em-madrid-espanha-pelo-instituto-ibero-americano-de-compliance\/\" tabindex=\"-1\" ><div class=\"elementor-post__thumbnail\"><img fetchpriority=\"high\" decoding=\"async\" width=\"240\" height=\"300\" src=\"https:\/\/eduardomauricioadvocacia.com\/wp-content\/uploads\/2024\/11\/WhatsApp-Image-2024-11-01-at-16.42.50-240x300.jpeg\" class=\"attachment-medium size-medium wp-image-4857\" alt=\"Nomeado Diretor da \u00e1rea de Compliance, em Madrid (Espanha), pelo Instituto Ibero-Americano de Compliance\" srcset=\"https:\/\/eduardomauricioadvocacia.com\/wp-content\/uploads\/2024\/11\/WhatsApp-Image-2024-11-01-at-16.42.50-240x300.jpeg 240w, https:\/\/eduardomauricioadvocacia.com\/wp-content\/uploads\/2024\/11\/WhatsApp-Image-2024-11-01-at-16.42.50-820x1024.jpeg 820w, https:\/\/eduardomauricioadvocacia.com\/wp-content\/uploads\/2024\/11\/WhatsApp-Image-2024-11-01-at-16.42.50-768x959.jpeg 768w, https:\/\/eduardomauricioadvocacia.com\/wp-content\/uploads\/2024\/11\/WhatsApp-Image-2024-11-01-at-16.42.50-1230x1536.jpeg 1230w, https:\/\/eduardomauricioadvocacia.com\/wp-content\/uploads\/2024\/11\/WhatsApp-Image-2024-11-01-at-16.42.50.jpeg 1281w\" sizes=\"(max-width: 240px) 100vw, 240px\" \/><\/div><\/a>\n\t\t\t\t<div class=\"elementor-post__badge\">Nomea\u00e7\u00f5es<\/div>\n\t\t\t\t<div class=\"elementor-post__text\">\n\t\t\t\t<h4 class=\"elementor-post__title\">\n\t\t\t<a href=\"https:\/\/eduardomauricioadvocacia.com\/index.php\/2024\/11\/21\/nomeado-diretor-da-area-de-compliance-em-madrid-espanha-pelo-instituto-ibero-americano-de-compliance\/\" >\n\t\t\t\tNomeado Diretor da \u00e1rea de Compliance, em Madrid (Espanha), pelo Instituto Ibero-Americano de Compliance\t\t\t<\/a>\n\t\t<\/h4>\n\t\t\t\t<div class=\"elementor-post__excerpt\">\n\t\t\t<p>Nomeado Diretor da \u00e1rea de Compliance, em Madrid (Espanha), pelo Instituto Ibero-Americano de Compliance. Diretoria<\/p>\n\t\t<\/div>\n\t\t\t\t<\/div>\n\t\t\t\t<div class=\"elementor-post__meta-data\">\n\t\t\t\t\t<span class=\"elementor-post-date\">\n\t\t\t21\/11\/2024\t\t<\/span>\n\t\t\t\t<\/div>\n\t\t\t\t\t<\/div>\n\t\t<\/article>\n\t\t\t\t<article class=\"elementor-post elementor-grid-item post-4638 post type-post status-publish format-standard hentry category-nomeacoes\" role=\"listitem\">\n\t\t\t<div class=\"elementor-post__card\">\n\t\t\t\t<div class=\"elementor-post__text\">\n\t\t\t\t<h4 class=\"elementor-post__title\">\n\t\t\t<a href=\"https:\/\/eduardomauricioadvocacia.com\/index.php\/2024\/09\/30\/ato-presidencial-nacional-n140-2024\/\" >\n\t\t\t\tAto Presidencial Nacional n\u00b0140\/2024\t\t\t<\/a>\n\t\t<\/h4>\n\t\t\t\t<div class=\"elementor-post__excerpt\">\n\t\t\t<p>Publicado em:&nbsp;30 de setembro de 2024 A ASSOCIA\u00c7\u00c3O BRASILEIRA DOS ADVOGADOS CRIMINALISTAS \u2013 ABRACRIM, atrav\u00e9s do seu presidente nacional, no exerc\u00edcio das suas atribui\u00e7\u00f5es estatut\u00e1rias, nomeia os seguintes advogados criminalistas, regularmente associados, para integrarem a Comiss\u00e3o Especial de Estrutura\u00e7\u00e3o e Implementa\u00e7\u00e3o do Compliance e Governan\u00e7a da Abracrim que tem o<\/p>\n\t\t<\/div>\n\t\t\t\t<\/div>\n\t\t\t\t<div class=\"elementor-post__meta-data\">\n\t\t\t\t\t<span class=\"elementor-post-date\">\n\t\t\t30\/09\/2024\t\t<\/span>\n\t\t\t\t<\/div>\n\t\t\t\t\t<\/div>\n\t\t<\/article>\n\t\t\t\t<article class=\"elementor-post elementor-grid-item post-4634 post type-post status-publish format-standard hentry category-nomeacoes\" role=\"listitem\">\n\t\t\t<div class=\"elementor-post__card\">\n\t\t\t\t<div class=\"elementor-post__text\">\n\t\t\t\t<h4 class=\"elementor-post__title\">\n\t\t\t<a href=\"https:\/\/eduardomauricioadvocacia.com\/index.php\/2023\/10\/04\/ato-presidencial-nacional-n60-2023\/\" >\n\t\t\t\tAto Presidencial Nacional n\u00b060\/2023\t\t\t<\/a>\n\t\t<\/h4>\n\t\t\t\t<div class=\"elementor-post__excerpt\">\n\t\t\t<p>Publicado em:&nbsp;4 de outubro de 2023 A ASSOCIA\u00c7\u00c3O BRASILEIRA DOS ADVOGADOS CRIMINALISTAS \u2013 ABRACRIM, atrav\u00e9s do seu presidente nacional no exerc\u00edcio das suas atribui\u00e7\u00f5es estatut\u00e1rias, institui a Comiss\u00e3o Estadual de Direito Penal Internacional e, neste mesmo ato, nomeia os advogados EDUARDO TADEU MAUR\u00cdCIO (OAB\/SP 449501), Presidente Victor Augusto Bialski \u2013<\/p>\n\t\t<\/div>\n\t\t\t\t<\/div>\n\t\t\t\t<div class=\"elementor-post__meta-data\">\n\t\t\t\t\t<span class=\"elementor-post-date\">\n\t\t\t04\/10\/2023\t\t<\/span>\n\t\t\t\t<\/div>\n\t\t\t\t\t<\/div>\n\t\t<\/article>\n\t\t\t\t<\/div>\n\t\t\t\t\t<span class=\"e-load-more-spinner\">\n\t\t\t\t<i aria-hidden=\"true\" class=\"fas fa-spinner\"><\/i>\t\t\t<\/span>\n\t\t\n\t\t\t\t\t\t<\/div>\n\t\t\t\t<\/div>\n\t\t\t\t\t<\/div>\n\t\t<\/div>\n\t\t\t\t\t<\/div>\n\t\t<\/section>\n\t\t\t\t<section class=\"elementor-section elementor-top-section elementor-element elementor-element-4fbf3ed9 elementor-section-boxed elementor-section-height-default elementor-section-height-default\" data-id=\"4fbf3ed9\" data-element_type=\"section\" data-e-type=\"section\" data-settings=\"{&quot;background_background&quot;:&quot;classic&quot;}\">\n\t\t\t\t\t\t<div class=\"elementor-container elementor-column-gap-default\">\n\t\t\t\t\t<div class=\"elementor-column elementor-col-100 elementor-top-column elementor-element elementor-element-61c24171\" data-id=\"61c24171\" data-element_type=\"column\" data-e-type=\"column\" data-settings=\"{&quot;background_background&quot;:&quot;classic&quot;}\">\n\t\t\t<div class=\"elementor-widget-wrap elementor-element-populated\">\n\t\t\t\t\t\t<div class=\"elementor-element elementor-element-6d771585 elementor-widget elementor-widget-heading\" data-id=\"6d771585\" data-element_type=\"widget\" data-e-type=\"widget\" data-widget_type=\"heading.default\">\n\t\t\t\t<div class=\"elementor-widget-container\">\n\t\t\t\t\t<h2 class=\"elementor-heading-title elementor-size-default\">O seu desafio \u00e9 a nossa miss\u00e3o<\/h2>\t\t\t\t<\/div>\n\t\t\t\t<\/div>\n\t\t\t\t<div class=\"elementor-element elementor-element-78bd7ab4 elementor-widget elementor-widget-text-editor\" data-id=\"78bd7ab4\" data-element_type=\"widget\" data-e-type=\"widget\" data-widget_type=\"text-editor.default\">\n\t\t\t\t<div class=\"elementor-widget-container\">\n\t\t\t\t\t\t\t\t\t<p class=\"p1\"><i>\u201cSomos especialistas em Direito Penal e extradi\u00e7\u00e3o, bem como em diversas \u00e1reas do direito, em diferentes pa\u00edses e continentes. Entre em contacto connosco para avaliarmos as suas necessidades. Juntos somos mais fortes e vamos mais longe\u201d.<\/i><\/p><p class=\"p1\">Dr. Eduardo Mauricio, fundador e CEO da Eduardo Mauricio Advocacia.<\/p>\t\t\t\t\t\t\t\t<\/div>\n\t\t\t\t<\/div>\n\t\t\t\t<div class=\"elementor-element elementor-element-7fbc308a elementor-align-center elementor-widget elementor-widget-button\" data-id=\"7fbc308a\" data-element_type=\"widget\" data-e-type=\"widget\" data-widget_type=\"button.default\">\n\t\t\t\t<div class=\"elementor-widget-container\">\n\t\t\t\t\t\t\t\t\t<div class=\"elementor-button-wrapper\">\n\t\t\t\t\t<a class=\"elementor-button elementor-button-link elementor-size-md\" href=\"https:\/\/eduardomauricioadvocacia.com\/index.php\/contact\/\">\n\t\t\t\t\t\t<span class=\"elementor-button-content-wrapper\">\n\t\t\t\t\t\t<span class=\"elementor-button-icon\">\n\t\t\t\t<i aria-hidden=\"true\" class=\"fas fa-long-arrow-alt-right\"><\/i>\t\t\t<\/span>\n\t\t\t\t\t\t\t\t\t<span class=\"elementor-button-text\">Fale Connosco<\/span>\n\t\t\t\t\t<\/span>\n\t\t\t\t\t<\/a>\n\t\t\t\t<\/div>\n\t\t\t\t\t\t\t\t<\/div>\n\t\t\t\t<\/div>\n\t\t\t\t\t<\/div>\n\t\t<\/div>\n\t\t\t\t\t<\/div>\n\t\t<\/section>\n\t\t\t\t<\/div>\n\t\t","protected":false},"excerpt":{"rendered":"<p>Nomea\u00e7\u00f5es O seu desafio \u00e9 a nossa miss\u00e3o \u201cSomos especialistas em Direito Penal e extradi\u00e7\u00e3o, bem como em diversas \u00e1reas do direito, em diferentes pa\u00edses e continentes. Entre em contacto connosco para avaliarmos as suas necessidades. Juntos somos mais fortes e vamos mais longe\u201d. Dr. Eduardo Mauricio, fundador e CEO da Eduardo Mauricio Advocacia. Fale [&hellip;]<\/p>\n","protected":false},"author":3,"featured_media":0,"parent":0,"menu_order":0,"comment_status":"closed","ping_status":"closed","template":"elementor_header_footer","meta":{"_seopress_robots_primary_cat":"","_seopress_titles_title":"","_seopress_titles_desc":"","_seopress_robots_index":"","_seopress_analysis_target_kw":"","footnotes":""},"class_list":["post-3068","page","type-page","status-publish","hentry"],"_links":{"self":[{"href":"https:\/\/eduardomauricioadvocacia.com\/index.php\/wp-json\/wp\/v2\/pages\/3068","targetHints":{"allow":["GET"]}}],"collection":[{"href":"https:\/\/eduardomauricioadvocacia.com\/index.php\/wp-json\/wp\/v2\/pages"}],"about":[{"href":"https:\/\/eduardomauricioadvocacia.com\/index.php\/wp-json\/wp\/v2\/types\/page"}],"author":[{"embeddable":true,"href":"https:\/\/eduardomauricioadvocacia.com\/index.php\/wp-json\/wp\/v2\/users\/3"}],"replies":[{"embeddable":true,"href":"https:\/\/eduardomauricioadvocacia.com\/index.php\/wp-json\/wp\/v2\/comments?post=3068"}],"version-history":[{"count":31,"href":"https:\/\/eduardomauricioadvocacia.com\/index.php\/wp-json\/wp\/v2\/pages\/3068\/revisions"}],"predecessor-version":[{"id":4854,"href":"https:\/\/eduardomauricioadvocacia.com\/index.php\/wp-json\/wp\/v2\/pages\/3068\/revisions\/4854"}],"wp:attachment":[{"href":"https:\/\/eduardomauricioadvocacia.com\/index.php\/wp-json\/wp\/v2\/media?parent=3068"}],"curies":[{"name":"wp","href":"https:\/\/api.w.org\/{rel}","templated":true}]}}