{"id":4625,"date":"2024-10-08T17:50:43","date_gmt":"2024-10-08T17:50:43","guid":{"rendered":"https:\/\/eduardomauricioadvocacia.com\/?page_id=4625"},"modified":"2024-10-08T17:50:43","modified_gmt":"2024-10-08T17:50:43","slug":"obras-e-livros-publicados","status":"publish","type":"page","link":"https:\/\/eduardomauricioadvocacia.com\/index.php\/obras-e-livros-publicados\/","title":{"rendered":"Obras e Livros Publicados"},"content":{"rendered":"\t\t<div data-elementor-type=\"wp-post\" data-elementor-id=\"4625\" class=\"elementor elementor-4625\" data-elementor-post-type=\"page\">\n\t\t\t\t\t\t<section class=\"elementor-section elementor-top-section elementor-element elementor-element-3f8acea9 elementor-section-height-min-height elementor-section-boxed elementor-section-height-default elementor-section-items-middle\" data-id=\"3f8acea9\" data-element_type=\"section\" data-e-type=\"section\" data-settings=\"{&quot;background_background&quot;:&quot;classic&quot;}\">\n\t\t\t\t\t\t<div class=\"elementor-container elementor-column-gap-default\">\n\t\t\t\t\t<div class=\"elementor-column elementor-col-100 elementor-top-column elementor-element elementor-element-11d839a8\" data-id=\"11d839a8\" data-element_type=\"column\" data-e-type=\"column\">\n\t\t\t<div class=\"elementor-widget-wrap elementor-element-populated\">\n\t\t\t\t\t\t<div class=\"elementor-element elementor-element-3a9868f2 elementor-widget elementor-widget-heading\" data-id=\"3a9868f2\" data-element_type=\"widget\" data-e-type=\"widget\" data-widget_type=\"heading.default\">\n\t\t\t\t<div class=\"elementor-widget-container\">\n\t\t\t\t\t<h1 class=\"elementor-heading-title elementor-size-default\">Obras e Livros Publicados<\/h1>\t\t\t\t<\/div>\n\t\t\t\t<\/div>\n\t\t\t\t\t<\/div>\n\t\t<\/div>\n\t\t\t\t\t<\/div>\n\t\t<\/section>\n\t\t\t\t<section class=\"elementor-section elementor-top-section elementor-element elementor-element-1103fcfd elementor-section-boxed elementor-section-height-default elementor-section-height-default\" data-id=\"1103fcfd\" data-element_type=\"section\" data-e-type=\"section\">\n\t\t\t\t\t\t<div class=\"elementor-container elementor-column-gap-default\">\n\t\t\t\t\t<div class=\"elementor-column elementor-col-100 elementor-top-column elementor-element elementor-element-426daf03\" data-id=\"426daf03\" data-element_type=\"column\" data-e-type=\"column\">\n\t\t\t<div class=\"elementor-widget-wrap elementor-element-populated\">\n\t\t\t\t\t\t<div class=\"elementor-element elementor-element-db32be9 elementor-grid-3 elementor-grid-tablet-2 elementor-grid-mobile-1 elementor-posts--thumbnail-top elementor-card-shadow-yes elementor-posts__hover-gradient elementor-widget elementor-widget-posts\" data-id=\"db32be9\" data-element_type=\"widget\" data-e-type=\"widget\" data-settings=\"{&quot;pagination_type&quot;:&quot;load_more_infinite_scroll&quot;,&quot;cards_masonry&quot;:&quot;yes&quot;,&quot;cards_columns&quot;:&quot;3&quot;,&quot;cards_columns_tablet&quot;:&quot;2&quot;,&quot;cards_columns_mobile&quot;:&quot;1&quot;,&quot;cards_row_gap&quot;:{&quot;unit&quot;:&quot;px&quot;,&quot;size&quot;:35,&quot;sizes&quot;:[]},&quot;cards_row_gap_tablet&quot;:{&quot;unit&quot;:&quot;px&quot;,&quot;size&quot;:&quot;&quot;,&quot;sizes&quot;:[]},&quot;cards_row_gap_mobile&quot;:{&quot;unit&quot;:&quot;px&quot;,&quot;size&quot;:&quot;&quot;,&quot;sizes&quot;:[]},&quot;load_more_spinner&quot;:{&quot;value&quot;:&quot;fas fa-spinner&quot;,&quot;library&quot;:&quot;fa-solid&quot;}}\" data-widget_type=\"posts.cards\">\n\t\t\t\t<div class=\"elementor-widget-container\">\n\t\t\t\t\t\t\t<div class=\"elementor-posts-container elementor-posts elementor-posts--skin-cards elementor-grid\" role=\"list\">\n\t\t\t\t<article class=\"elementor-post elementor-grid-item post-6057 post type-post status-publish format-standard has-post-thumbnail hentry category-obras\" role=\"listitem\">\n\t\t\t<div class=\"elementor-post__card\">\n\t\t\t\t<a class=\"elementor-post__thumbnail__link\" href=\"https:\/\/eduardomauricioadvocacia.com\/index.php\/2025\/09\/19\/a-advocacia-criminal-na-pratica-desafios-estrategias-e-experiencias\/\" tabindex=\"-1\" ><div class=\"elementor-post__thumbnail\"><img fetchpriority=\"high\" decoding=\"async\" width=\"300\" height=\"169\" src=\"https:\/\/eduardomauricioadvocacia.com\/wp-content\/uploads\/2025\/09\/Eduardo_Mauricio_A_Advocacia_Criminal_Na_Pratica_1-300x169.jpg\" class=\"attachment-medium size-medium wp-image-6336\" alt=\"Eduardo Mauricio Obra A Advocacia criminal na pr\u00e1tica: desafios, estrat\u00e9gias e experi\u00eancias\" srcset=\"https:\/\/eduardomauricioadvocacia.com\/wp-content\/uploads\/2025\/09\/Eduardo_Mauricio_A_Advocacia_Criminal_Na_Pratica_1-300x169.jpg 300w, https:\/\/eduardomauricioadvocacia.com\/wp-content\/uploads\/2025\/09\/Eduardo_Mauricio_A_Advocacia_Criminal_Na_Pratica_1-768x432.jpg 768w, https:\/\/eduardomauricioadvocacia.com\/wp-content\/uploads\/2025\/09\/Eduardo_Mauricio_A_Advocacia_Criminal_Na_Pratica_1.jpg 1024w\" sizes=\"(max-width: 300px) 100vw, 300px\" \/><\/div><\/a>\n\t\t\t\t<div class=\"elementor-post__badge\">Obras<\/div>\n\t\t\t\t<div class=\"elementor-post__text\">\n\t\t\t\t<h4 class=\"elementor-post__title\">\n\t\t\t<a href=\"https:\/\/eduardomauricioadvocacia.com\/index.php\/2025\/09\/19\/a-advocacia-criminal-na-pratica-desafios-estrategias-e-experiencias\/\" >\n\t\t\t\tA Advocacia criminal na pr\u00e1tica: desafios, estrat\u00e9gias e experi\u00eancias\t\t\t<\/a>\n\t\t<\/h4>\n\t\t\t\t<\/div>\n\t\t\t\t<div class=\"elementor-post__meta-data\">\n\t\t\t\t\t<span class=\"elementor-post-date\">\n\t\t\t19\/09\/2025\t\t<\/span>\n\t\t\t\t<\/div>\n\t\t\t\t\t<\/div>\n\t\t<\/article>\n\t\t\t\t<article class=\"elementor-post elementor-grid-item post-4868 post type-post status-publish format-standard has-post-thumbnail hentry category-obras\" role=\"listitem\">\n\t\t\t<div class=\"elementor-post__card\">\n\t\t\t\t<a class=\"elementor-post__thumbnail__link\" href=\"https:\/\/eduardomauricioadvocacia.com\/index.php\/2024\/11\/21\/da-responsabilidade-penal-dos-dirigentes-empresariais-notadamente-no-capitulo-a-responsabilidade-nas-sociedades-anonimas-de-futebol-safs\/\" tabindex=\"-1\" ><div class=\"elementor-post__thumbnail\"><img decoding=\"async\" width=\"300\" height=\"169\" src=\"https:\/\/eduardomauricioadvocacia.com\/wp-content\/uploads\/2024\/11\/Eduardo_Mauricio_Da-Responsabilidade-Penal-dos-DIriegenes-Empresariais-1-300x169.jpeg\" class=\"attachment-medium size-medium wp-image-4870\" alt=\"Da Responsabilidade Penal dos Dirigentes Empresariais\u201d, notadamente no cap\u00edtulo: \u201cA Responsabilidade nas Sociedades An\u00f4nimas De Futebol (Saf\u2019s)\" srcset=\"https:\/\/eduardomauricioadvocacia.com\/wp-content\/uploads\/2024\/11\/Eduardo_Mauricio_Da-Responsabilidade-Penal-dos-DIriegenes-Empresariais-1-300x169.jpeg 300w, https:\/\/eduardomauricioadvocacia.com\/wp-content\/uploads\/2024\/11\/Eduardo_Mauricio_Da-Responsabilidade-Penal-dos-DIriegenes-Empresariais-1-768x432.jpeg 768w, https:\/\/eduardomauricioadvocacia.com\/wp-content\/uploads\/2024\/11\/Eduardo_Mauricio_Da-Responsabilidade-Penal-dos-DIriegenes-Empresariais-1.jpeg 1024w\" sizes=\"(max-width: 300px) 100vw, 300px\" \/><\/div><\/a>\n\t\t\t\t<div class=\"elementor-post__badge\">Obras<\/div>\n\t\t\t\t<div class=\"elementor-post__text\">\n\t\t\t\t<h4 class=\"elementor-post__title\">\n\t\t\t<a href=\"https:\/\/eduardomauricioadvocacia.com\/index.php\/2024\/11\/21\/da-responsabilidade-penal-dos-dirigentes-empresariais-notadamente-no-capitulo-a-responsabilidade-nas-sociedades-anonimas-de-futebol-safs\/\" >\n\t\t\t\tDa Responsabilidade Penal dos Dirigentes Empresariais\u201d, notadamente no cap\u00edtulo: \u201cA Responsabilidade nas Sociedades An\u00f4nimas De Futebol (Saf\u2019s)\t\t\t<\/a>\n\t\t<\/h4>\n\t\t\t\t<\/div>\n\t\t\t\t<div class=\"elementor-post__meta-data\">\n\t\t\t\t\t<span class=\"elementor-post-date\">\n\t\t\t21\/11\/2024\t\t<\/span>\n\t\t\t\t<\/div>\n\t\t\t\t\t<\/div>\n\t\t<\/article>\n\t\t\t\t<article class=\"elementor-post elementor-grid-item post-4389 post type-post status-publish format-standard has-post-thumbnail hentry category-obras\" role=\"listitem\">\n\t\t\t<div class=\"elementor-post__card\">\n\t\t\t\t<a class=\"elementor-post__thumbnail__link\" href=\"https:\/\/eduardomauricioadvocacia.com\/index.php\/2024\/09\/03\/200-anos-de-constitucionalismo\/\" tabindex=\"-1\" ><div class=\"elementor-post__thumbnail\"><img decoding=\"async\" width=\"300\" height=\"169\" src=\"https:\/\/eduardomauricioadvocacia.com\/wp-content\/uploads\/2024\/09\/image2-300x169.png\" class=\"attachment-medium size-medium wp-image-4478\" alt=\"Eduardo Mauricio 200 Anos de Constitucionalismo\" srcset=\"https:\/\/eduardomauricioadvocacia.com\/wp-content\/uploads\/2024\/09\/image2-300x169.png 300w, https:\/\/eduardomauricioadvocacia.com\/wp-content\/uploads\/2024\/09\/image2-768x432.png 768w, https:\/\/eduardomauricioadvocacia.com\/wp-content\/uploads\/2024\/09\/image2.png 1024w\" sizes=\"(max-width: 300px) 100vw, 300px\" \/><\/div><\/a>\n\t\t\t\t<div class=\"elementor-post__badge\">Obras<\/div>\n\t\t\t\t<div class=\"elementor-post__text\">\n\t\t\t\t<h4 class=\"elementor-post__title\">\n\t\t\t<a href=\"https:\/\/eduardomauricioadvocacia.com\/index.php\/2024\/09\/03\/200-anos-de-constitucionalismo\/\" >\n\t\t\t\t200 Anos de Constitucionalismo\t\t\t<\/a>\n\t\t<\/h4>\n\t\t\t\t<\/div>\n\t\t\t\t<div class=\"elementor-post__meta-data\">\n\t\t\t\t\t<span class=\"elementor-post-date\">\n\t\t\t03\/09\/2024\t\t<\/span>\n\t\t\t\t<\/div>\n\t\t\t\t\t<\/div>\n\t\t<\/article>\n\t\t\t\t<article class=\"elementor-post elementor-grid-item post-3261 post type-post status-publish format-standard has-post-thumbnail hentry category-obras\" role=\"listitem\">\n\t\t\t<div class=\"elementor-post__card\">\n\t\t\t\t<a class=\"elementor-post__thumbnail__link\" href=\"https:\/\/eduardomauricioadvocacia.com\/index.php\/2023\/07\/10\/direito-cidadania-e-aplicacao-das-leis-criminais\/\" tabindex=\"-1\" ><div class=\"elementor-post__thumbnail\"><img loading=\"lazy\" decoding=\"async\" width=\"300\" height=\"169\" src=\"https:\/\/eduardomauricioadvocacia.com\/wp-content\/uploads\/2023\/07\/image1-300x169.png\" class=\"attachment-medium size-medium wp-image-4479\" alt=\"Eduardo Mauricio Livro Direito, Cidadania e Aplica\u00e7\u00e3o das Leis Criminais\" srcset=\"https:\/\/eduardomauricioadvocacia.com\/wp-content\/uploads\/2023\/07\/image1-300x169.png 300w, https:\/\/eduardomauricioadvocacia.com\/wp-content\/uploads\/2023\/07\/image1-768x432.png 768w, https:\/\/eduardomauricioadvocacia.com\/wp-content\/uploads\/2023\/07\/image1.png 1024w\" sizes=\"(max-width: 300px) 100vw, 300px\" \/><\/div><\/a>\n\t\t\t\t<div class=\"elementor-post__badge\">Obras<\/div>\n\t\t\t\t<div class=\"elementor-post__text\">\n\t\t\t\t<h4 class=\"elementor-post__title\">\n\t\t\t<a href=\"https:\/\/eduardomauricioadvocacia.com\/index.php\/2023\/07\/10\/direito-cidadania-e-aplicacao-das-leis-criminais\/\" >\n\t\t\t\tDireito, Cidadania e Aplica\u00e7\u00e3o das Leis Criminais\t\t\t<\/a>\n\t\t<\/h4>\n\t\t\t\t<\/div>\n\t\t\t\t<div class=\"elementor-post__meta-data\">\n\t\t\t\t\t<span class=\"elementor-post-date\">\n\t\t\t10\/07\/2023\t\t<\/span>\n\t\t\t\t<\/div>\n\t\t\t\t\t<\/div>\n\t\t<\/article>\n\t\t\t\t<article class=\"elementor-post elementor-grid-item post-3044 post type-post status-publish format-standard has-post-thumbnail hentry category-obras\" role=\"listitem\">\n\t\t\t<div class=\"elementor-post__card\">\n\t\t\t\t<a class=\"elementor-post__thumbnail__link\" href=\"https:\/\/eduardomauricioadvocacia.com\/index.php\/2023\/03\/14\/empreendedoras-da-lei-europa\/\" tabindex=\"-1\" ><div class=\"elementor-post__thumbnail\"><img loading=\"lazy\" decoding=\"async\" width=\"300\" height=\"169\" src=\"https:\/\/eduardomauricioadvocacia.com\/wp-content\/uploads\/2023\/03\/image0-300x169.png\" class=\"attachment-medium size-medium wp-image-4480\" alt=\"Eduardo Mauricio Livros Empreendedoras da Lei Europa\" srcset=\"https:\/\/eduardomauricioadvocacia.com\/wp-content\/uploads\/2023\/03\/image0-300x169.png 300w, https:\/\/eduardomauricioadvocacia.com\/wp-content\/uploads\/2023\/03\/image0-768x432.png 768w, https:\/\/eduardomauricioadvocacia.com\/wp-content\/uploads\/2023\/03\/image0.png 1024w\" sizes=\"(max-width: 300px) 100vw, 300px\" \/><\/div><\/a>\n\t\t\t\t<div class=\"elementor-post__badge\">Obras<\/div>\n\t\t\t\t<div class=\"elementor-post__text\">\n\t\t\t\t<h4 class=\"elementor-post__title\">\n\t\t\t<a href=\"https:\/\/eduardomauricioadvocacia.com\/index.php\/2023\/03\/14\/empreendedoras-da-lei-europa\/\" >\n\t\t\t\tEmpreendedoras da Lei Europa\t\t\t<\/a>\n\t\t<\/h4>\n\t\t\t\t<\/div>\n\t\t\t\t<div class=\"elementor-post__meta-data\">\n\t\t\t\t\t<span class=\"elementor-post-date\">\n\t\t\t14\/03\/2023\t\t<\/span>\n\t\t\t\t<\/div>\n\t\t\t\t\t<\/div>\n\t\t<\/article>\n\t\t\t\t<\/div>\n\t\t\t\t\t<span class=\"e-load-more-spinner\">\n\t\t\t\t<i aria-hidden=\"true\" class=\"fas fa-spinner\"><\/i>\t\t\t<\/span>\n\t\t\n\t\t\t\t\t\t<\/div>\n\t\t\t\t<\/div>\n\t\t\t\t\t<\/div>\n\t\t<\/div>\n\t\t\t\t\t<\/div>\n\t\t<\/section>\n\t\t\t\t<section class=\"elementor-section elementor-top-section elementor-element elementor-element-4fbf3ed9 elementor-section-boxed elementor-section-height-default elementor-section-height-default\" data-id=\"4fbf3ed9\" data-element_type=\"section\" data-e-type=\"section\" data-settings=\"{&quot;background_background&quot;:&quot;classic&quot;}\">\n\t\t\t\t\t\t<div class=\"elementor-container elementor-column-gap-default\">\n\t\t\t\t\t<div class=\"elementor-column elementor-col-100 elementor-top-column elementor-element elementor-element-61c24171\" data-id=\"61c24171\" data-element_type=\"column\" data-e-type=\"column\" data-settings=\"{&quot;background_background&quot;:&quot;classic&quot;}\">\n\t\t\t<div class=\"elementor-widget-wrap elementor-element-populated\">\n\t\t\t\t\t\t<div class=\"elementor-element elementor-element-6d771585 elementor-widget elementor-widget-heading\" data-id=\"6d771585\" data-element_type=\"widget\" data-e-type=\"widget\" data-widget_type=\"heading.default\">\n\t\t\t\t<div class=\"elementor-widget-container\">\n\t\t\t\t\t<h2 class=\"elementor-heading-title elementor-size-default\">O seu desafio \u00e9 a nossa miss\u00e3o<\/h2>\t\t\t\t<\/div>\n\t\t\t\t<\/div>\n\t\t\t\t<div class=\"elementor-element elementor-element-78bd7ab4 elementor-widget elementor-widget-text-editor\" data-id=\"78bd7ab4\" data-element_type=\"widget\" data-e-type=\"widget\" data-widget_type=\"text-editor.default\">\n\t\t\t\t<div class=\"elementor-widget-container\">\n\t\t\t\t\t\t\t\t\t<p class=\"p1\"><i>\u201cSomos especialistas em Direito Penal e extradi\u00e7\u00e3o, bem como em diversas \u00e1reas do direito, em diferentes pa\u00edses e continentes. Entre em contacto connosco para avaliarmos as suas necessidades. Juntos somos mais fortes e vamos mais longe\u201d.<\/i><\/p><p class=\"p1\">Dr. Eduardo Mauricio, fundador e CEO da Eduardo Mauricio Advocacia.<\/p>\t\t\t\t\t\t\t\t<\/div>\n\t\t\t\t<\/div>\n\t\t\t\t<div class=\"elementor-element elementor-element-7fbc308a elementor-align-center elementor-widget elementor-widget-button\" data-id=\"7fbc308a\" data-element_type=\"widget\" data-e-type=\"widget\" data-widget_type=\"button.default\">\n\t\t\t\t<div class=\"elementor-widget-container\">\n\t\t\t\t\t\t\t\t\t<div class=\"elementor-button-wrapper\">\n\t\t\t\t\t<a class=\"elementor-button elementor-button-link elementor-size-md\" href=\"https:\/\/eduardomauricioadvocacia.com\/index.php\/contact\/\">\n\t\t\t\t\t\t<span class=\"elementor-button-content-wrapper\">\n\t\t\t\t\t\t<span class=\"elementor-button-icon\">\n\t\t\t\t<i aria-hidden=\"true\" class=\"fas fa-long-arrow-alt-right\"><\/i>\t\t\t<\/span>\n\t\t\t\t\t\t\t\t\t<span class=\"elementor-button-text\">Fale Connosco<\/span>\n\t\t\t\t\t<\/span>\n\t\t\t\t\t<\/a>\n\t\t\t\t<\/div>\n\t\t\t\t\t\t\t\t<\/div>\n\t\t\t\t<\/div>\n\t\t\t\t\t<\/div>\n\t\t<\/div>\n\t\t\t\t\t<\/div>\n\t\t<\/section>\n\t\t\t\t<\/div>\n\t\t","protected":false},"excerpt":{"rendered":"<p>Obras e Livros Publicados O seu desafio \u00e9 a nossa miss\u00e3o \u201cSomos especialistas em Direito Penal e extradi\u00e7\u00e3o, bem como em diversas \u00e1reas do direito,<\/p>\n","protected":false},"author":3,"featured_media":0,"parent":0,"menu_order":0,"comment_status":"closed","ping_status":"closed","template":"elementor_header_footer","meta":{"_seopress_robots_primary_cat":"","_seopress_titles_title":"","_seopress_titles_desc":"","_seopress_robots_index":"","_seopress_analysis_target_kw":"","footnotes":""},"class_list":["post-4625","page","type-page","status-publish","hentry"],"_links":{"self":[{"href":"https:\/\/eduardomauricioadvocacia.com\/index.php\/wp-json\/wp\/v2\/pages\/4625","targetHints":{"allow":["GET"]}}],"collection":[{"href":"https:\/\/eduardomauricioadvocacia.com\/index.php\/wp-json\/wp\/v2\/pages"}],"about":[{"href":"https:\/\/eduardomauricioadvocacia.com\/index.php\/wp-json\/wp\/v2\/types\/page"}],"author":[{"embeddable":true,"href":"https:\/\/eduardomauricioadvocacia.com\/index.php\/wp-json\/wp\/v2\/users\/3"}],"replies":[{"embeddable":true,"href":"https:\/\/eduardomauricioadvocacia.com\/index.php\/wp-json\/wp\/v2\/comments?post=4625"}],"version-history":[{"count":1,"href":"https:\/\/eduardomauricioadvocacia.com\/index.php\/wp-json\/wp\/v2\/pages\/4625\/revisions"}],"predecessor-version":[{"id":4644,"href":"https:\/\/eduardomauricioadvocacia.com\/index.php\/wp-json\/wp\/v2\/pages\/4625\/revisions\/4644"}],"wp:attachment":[{"href":"https:\/\/eduardomauricioadvocacia.com\/index.php\/wp-json\/wp\/v2\/media?parent=4625"}],"curies":[{"name":"wp","href":"https:\/\/api.w.org\/{rel}","templated":true}]}}