{"id":5528,"date":"2025-05-20T17:12:20","date_gmt":"2025-05-20T17:12:20","guid":{"rendered":"https:\/\/eduardomauricioadvocacia.com\/?page_id=5528"},"modified":"2025-05-20T17:32:36","modified_gmt":"2025-05-20T17:32:36","slug":"dr-maria-nieves-fernandez-perez-ravelo","status":"publish","type":"page","link":"https:\/\/eduardomauricioadvocacia.com\/index.php\/dr-maria-nieves-fernandez-perez-ravelo\/","title":{"rendered":"Dra. Maria Nieves Fern\u00e1ndez P\u00e9rez Ravelo"},"content":{"rendered":"\t\t<div data-elementor-type=\"wp-post\" data-elementor-id=\"5528\" class=\"elementor elementor-5528\" data-elementor-post-type=\"page\">\n\t\t\t\t\t\t<section class=\"elementor-section elementor-top-section elementor-element elementor-element-1ae7c0bf elementor-section-height-min-height elementor-section-boxed elementor-section-height-default elementor-section-items-middle\" data-id=\"1ae7c0bf\" data-element_type=\"section\" data-e-type=\"section\" data-settings=\"{&quot;background_background&quot;:&quot;classic&quot;}\">\n\t\t\t\t\t\t<div class=\"elementor-container elementor-column-gap-default\">\n\t\t\t\t\t<div class=\"elementor-column elementor-col-100 elementor-top-column elementor-element elementor-element-a5e54b8\" data-id=\"a5e54b8\" data-element_type=\"column\" data-e-type=\"column\">\n\t\t\t<div class=\"elementor-widget-wrap elementor-element-populated\">\n\t\t\t\t\t\t<div class=\"elementor-element elementor-element-3873a154 elementor-widget elementor-widget-text-editor\" data-id=\"3873a154\" data-element_type=\"widget\" data-e-type=\"widget\" data-widget_type=\"text-editor.default\">\n\t\t\t\t<div class=\"elementor-widget-container\">\n\t\t\t\t\t\t\t\t\t<p>Parceira<\/p>\t\t\t\t\t\t\t\t<\/div>\n\t\t\t\t<\/div>\n\t\t\t\t<div class=\"elementor-element elementor-element-4ce46c06 elementor-widget elementor-widget-heading\" data-id=\"4ce46c06\" data-element_type=\"widget\" data-e-type=\"widget\" data-widget_type=\"heading.default\">\n\t\t\t\t<div class=\"elementor-widget-container\">\n\t\t\t\t\t<h1 class=\"elementor-heading-title elementor-size-default\">Dra. Maria Nieves Fern\u00e1ndez P\u00e9rez Ravelo<\/h1>\t\t\t\t<\/div>\n\t\t\t\t<\/div>\n\t\t\t\t\t<\/div>\n\t\t<\/div>\n\t\t\t\t\t<\/div>\n\t\t<\/section>\n\t\t\t\t<section class=\"elementor-section elementor-top-section elementor-element elementor-element-f830f41 elementor-section-boxed elementor-section-height-default elementor-section-height-default\" data-id=\"f830f41\" data-element_type=\"section\" data-e-type=\"section\">\n\t\t\t\t\t\t<div class=\"elementor-container elementor-column-gap-default\">\n\t\t\t\t\t<div class=\"elementor-column elementor-col-100 elementor-top-column elementor-element elementor-element-5d6f353c\" data-id=\"5d6f353c\" data-element_type=\"column\" data-e-type=\"column\">\n\t\t\t<div class=\"elementor-widget-wrap elementor-element-populated\">\n\t\t\t\t\t\t<div class=\"elementor-element elementor-element-db5d11d elementor-widget elementor-widget-spacer\" data-id=\"db5d11d\" data-element_type=\"widget\" data-e-type=\"widget\" data-widget_type=\"spacer.default\">\n\t\t\t\t<div class=\"elementor-widget-container\">\n\t\t\t\t\t\t\t<div class=\"elementor-spacer\">\n\t\t\t<div class=\"elementor-spacer-inner\"><\/div>\n\t\t<\/div>\n\t\t\t\t\t\t<\/div>\n\t\t\t\t<\/div>\n\t\t\t\t<div class=\"elementor-element elementor-element-61d8dc55 elementor-widget elementor-widget-heading\" data-id=\"61d8dc55\" data-element_type=\"widget\" data-e-type=\"widget\" data-widget_type=\"heading.default\">\n\t\t\t\t<div class=\"elementor-widget-container\">\n\t\t\t\t\t<h2 class=\"elementor-heading-title elementor-size-default\">Vis\u00e3o Geral e Experi\u00eancia<\/h2>\t\t\t\t<\/div>\n\t\t\t\t<\/div>\n\t\t\t\t\t<\/div>\n\t\t<\/div>\n\t\t\t\t\t<\/div>\n\t\t<\/section>\n\t\t\t\t<section class=\"elementor-section elementor-top-section elementor-element elementor-element-4bd2bfba elementor-section-boxed elementor-section-height-default elementor-section-height-default\" data-id=\"4bd2bfba\" data-element_type=\"section\" data-e-type=\"section\">\n\t\t\t\t\t\t<div class=\"elementor-container elementor-column-gap-default\">\n\t\t\t\t\t<div class=\"elementor-column elementor-col-50 elementor-top-column elementor-element elementor-element-3ca199a5\" data-id=\"3ca199a5\" data-element_type=\"column\" data-e-type=\"column\">\n\t\t\t<div class=\"elementor-widget-wrap elementor-element-populated\">\n\t\t\t\t\t\t<div class=\"elementor-element elementor-element-231d7ec9 elementor-widget elementor-widget-image\" data-id=\"231d7ec9\" data-element_type=\"widget\" data-e-type=\"widget\" data-widget_type=\"image.default\">\n\t\t\t\t<div class=\"elementor-widget-container\">\n\t\t\t\t\t\t\t\t\t\t\t\t\t\t\t<img fetchpriority=\"high\" decoding=\"async\" width=\"683\" height=\"1024\" src=\"https:\/\/eduardomauricioadvocacia.com\/wp-content\/uploads\/2025\/05\/EMA_Parceira_Maria_Ravelo-683x1024.jpg\" class=\"attachment-large size-large wp-image-5530\" alt=\"Eduardo Mauricio Advocacia - Advogada Parceira - Maria Nieves Fern\u00e1ndez P\u00e9rez Ravelo\" srcset=\"https:\/\/eduardomauricioadvocacia.com\/wp-content\/uploads\/2025\/05\/EMA_Parceira_Maria_Ravelo-683x1024.jpg 683w, https:\/\/eduardomauricioadvocacia.com\/wp-content\/uploads\/2025\/05\/EMA_Parceira_Maria_Ravelo-200x300.jpg 200w, https:\/\/eduardomauricioadvocacia.com\/wp-content\/uploads\/2025\/05\/EMA_Parceira_Maria_Ravelo-768x1152.jpg 768w, https:\/\/eduardomauricioadvocacia.com\/wp-content\/uploads\/2025\/05\/EMA_Parceira_Maria_Ravelo.jpg 1024w\" sizes=\"(max-width: 683px) 100vw, 683px\" \/>\t\t\t\t\t\t\t\t\t\t\t\t\t\t\t<\/div>\n\t\t\t\t<\/div>\n\t\t\t\t\t<\/div>\n\t\t<\/div>\n\t\t\t\t<div class=\"elementor-column elementor-col-50 elementor-top-column elementor-element elementor-element-1467e756\" data-id=\"1467e756\" data-element_type=\"column\" data-e-type=\"column\">\n\t\t\t<div class=\"elementor-widget-wrap elementor-element-populated\">\n\t\t\t\t\t\t<div class=\"elementor-element elementor-element-45cae185 elementor-widget elementor-widget-heading\" data-id=\"45cae185\" data-element_type=\"widget\" data-e-type=\"widget\" data-widget_type=\"heading.default\">\n\t\t\t\t<div class=\"elementor-widget-container\">\n\t\t\t\t\t<h3 class=\"elementor-heading-title elementor-size-default\">Experi\u00eancia<\/h3>\t\t\t\t<\/div>\n\t\t\t\t<\/div>\n\t\t\t\t<div class=\"elementor-element elementor-element-f40b0ce elementor-widget elementor-widget-text-editor\" data-id=\"f40b0ce\" data-element_type=\"widget\" data-e-type=\"widget\" data-widget_type=\"text-editor.default\">\n\t\t\t\t<div class=\"elementor-widget-container\">\n\t\t\t\t\t\t\t\t\t<p>Advogada inscrita no Colegio de la Abogacia de Madrid n. 45544<\/p><p>Advogada espanhola com mais de 25 anos de experi\u00eancia, na \u00e1rea do Direito Penal, Direito Civil, Direito de Fam\u00edlia, extranjeria e outras \u00e1reas do direito penal.<\/p>\t\t\t\t\t\t\t\t<\/div>\n\t\t\t\t<\/div>\n\t\t\t\t\t<\/div>\n\t\t<\/div>\n\t\t\t\t\t<\/div>\n\t\t<\/section>\n\t\t\t\t<section class=\"elementor-section elementor-top-section elementor-element elementor-element-6508e107 elementor-section-height-min-height elementor-section-boxed elementor-section-height-default elementor-section-items-middle\" data-id=\"6508e107\" data-element_type=\"section\" data-e-type=\"section\" data-settings=\"{&quot;background_background&quot;:&quot;classic&quot;}\">\n\t\t\t\t\t\t\t<div class=\"elementor-background-overlay\"><\/div>\n\t\t\t\t\t\t\t<div class=\"elementor-container elementor-column-gap-default\">\n\t\t\t\t\t<div class=\"elementor-column elementor-col-100 elementor-top-column elementor-element elementor-element-6b208649\" data-id=\"6b208649\" data-element_type=\"column\" data-e-type=\"column\">\n\t\t\t<div class=\"elementor-widget-wrap elementor-element-populated\">\n\t\t\t\t\t\t<div class=\"elementor-element elementor-element-15a942a4 elementor-widget elementor-widget-heading\" data-id=\"15a942a4\" data-element_type=\"widget\" data-e-type=\"widget\" data-widget_type=\"heading.default\">\n\t\t\t\t<div class=\"elementor-widget-container\">\n\t\t\t\t\t<h2 class=\"elementor-heading-title elementor-size-default\">Voc\u00ea merece \n<br>os melhores<\/h2>\t\t\t\t<\/div>\n\t\t\t\t<\/div>\n\t\t\t\t<div class=\"elementor-element elementor-element-191763a5 elementor-align-center elementor-widget elementor-widget-button\" data-id=\"191763a5\" data-element_type=\"widget\" data-e-type=\"widget\" data-widget_type=\"button.default\">\n\t\t\t\t<div class=\"elementor-widget-container\">\n\t\t\t\t\t\t\t\t\t<div class=\"elementor-button-wrapper\">\n\t\t\t\t\t<a class=\"elementor-button elementor-button-link elementor-size-md\" href=\"https:\/\/eduardomauricioadvocacia.com\/index.php\/contact\/\">\n\t\t\t\t\t\t<span class=\"elementor-button-content-wrapper\">\n\t\t\t\t\t\t<span class=\"elementor-button-icon\">\n\t\t\t\t<i aria-hidden=\"true\" class=\"fas fa-long-arrow-alt-right\"><\/i>\t\t\t<\/span>\n\t\t\t\t\t\t\t\t\t<span class=\"elementor-button-text\">Fale Connosco<\/span>\n\t\t\t\t\t<\/span>\n\t\t\t\t\t<\/a>\n\t\t\t\t<\/div>\n\t\t\t\t\t\t\t\t<\/div>\n\t\t\t\t<\/div>\n\t\t\t\t\t<\/div>\n\t\t<\/div>\n\t\t\t\t\t<\/div>\n\t\t<\/section>\n\t\t\t\t<section class=\"elementor-section elementor-top-section elementor-element elementor-element-60dfb1be elementor-hidden-desktop elementor-hidden-tablet elementor-hidden-mobile elementor-section-boxed elementor-section-height-default elementor-section-height-default\" data-id=\"60dfb1be\" data-element_type=\"section\" data-e-type=\"section\">\n\t\t\t\t\t\t<div class=\"elementor-container elementor-column-gap-default\">\n\t\t\t\t\t<div class=\"elementor-column elementor-col-50 elementor-top-column elementor-element elementor-element-3a085fb2\" data-id=\"3a085fb2\" data-element_type=\"column\" data-e-type=\"column\">\n\t\t\t<div class=\"elementor-widget-wrap elementor-element-populated\">\n\t\t\t\t\t\t<div class=\"elementor-element elementor-element-223e7dd6 elementor-widget elementor-widget-heading\" data-id=\"223e7dd6\" data-element_type=\"widget\" data-e-type=\"widget\" data-widget_type=\"heading.default\">\n\t\t\t\t<div class=\"elementor-widget-container\">\n\t\t\t\t\t<h2 class=\"elementor-heading-title elementor-size-default\">\u00e1reas de atua\u00e7\u00e3o<\/h2>\t\t\t\t<\/div>\n\t\t\t\t<\/div>\n\t\t\t\t<div class=\"elementor-element elementor-element-50c81e95 elementor-widget elementor-widget-text-editor\" data-id=\"50c81e95\" data-element_type=\"widget\" data-e-type=\"widget\" data-widget_type=\"text-editor.default\">\n\t\t\t\t<div class=\"elementor-widget-container\">\n\t\t\t\t\t\t\t\t\t<p>O nosso escrit\u00f3rio de advocacia atua numa variedade de \u00e1reas, incluindo direito civil, comercial, trabalhista, tribut\u00e1rio, imobili\u00e1rio, ambiental, entre outros.\u00a0<\/p>\t\t\t\t\t\t\t\t<\/div>\n\t\t\t\t<\/div>\n\t\t\t\t<div class=\"elementor-element elementor-element-458d6a36 elementor-widget elementor-widget-progress\" data-id=\"458d6a36\" data-element_type=\"widget\" data-e-type=\"widget\" data-widget_type=\"progress.default\">\n\t\t\t\t<div class=\"elementor-widget-container\">\n\t\t\t\t\t\t\t\t<span class=\"elementor-title\" id=\"elementor-progress-bar-458d6a36\">\n\t\t\t\tfamily law\t\t\t<\/span>\n\t\t\n\t\t<div aria-labelledby=\"elementor-progress-bar-458d6a36\" class=\"elementor-progress-wrapper\" role=\"progressbar\" aria-valuemin=\"0\" aria-valuemax=\"100\" aria-valuenow=\"98\">\n\t\t\t<div class=\"elementor-progress-bar\" data-max=\"98\">\n\t\t\t\t<span class=\"elementor-progress-text\"><\/span>\n\t\t\t\t\t\t\t\t\t<span class=\"elementor-progress-percentage\">98%<\/span>\n\t\t\t\t\t\t\t<\/div>\n\t\t<\/div>\n\t\t\t\t\t\t<\/div>\n\t\t\t\t<\/div>\n\t\t\t\t<div class=\"elementor-element elementor-element-57304722 elementor-widget elementor-widget-progress\" data-id=\"57304722\" data-element_type=\"widget\" data-e-type=\"widget\" data-widget_type=\"progress.default\">\n\t\t\t\t<div class=\"elementor-widget-container\">\n\t\t\t\t\t\t\t\t<span class=\"elementor-title\" id=\"elementor-progress-bar-57304722\">\n\t\t\t\tdrug crimes\t\t\t<\/span>\n\t\t\n\t\t<div aria-labelledby=\"elementor-progress-bar-57304722\" class=\"elementor-progress-wrapper\" role=\"progressbar\" aria-valuemin=\"0\" aria-valuemax=\"100\" aria-valuenow=\"94\">\n\t\t\t<div class=\"elementor-progress-bar\" data-max=\"94\">\n\t\t\t\t<span class=\"elementor-progress-text\"><\/span>\n\t\t\t\t\t\t\t\t\t<span class=\"elementor-progress-percentage\">94%<\/span>\n\t\t\t\t\t\t\t<\/div>\n\t\t<\/div>\n\t\t\t\t\t\t<\/div>\n\t\t\t\t<\/div>\n\t\t\t\t<div class=\"elementor-element elementor-element-37c116cd elementor-widget elementor-widget-progress\" data-id=\"37c116cd\" data-element_type=\"widget\" data-e-type=\"widget\" data-widget_type=\"progress.default\">\n\t\t\t\t<div class=\"elementor-widget-container\">\n\t\t\t\t\t\t\t\t<span class=\"elementor-title\" id=\"elementor-progress-bar-37c116cd\">\n\t\t\t\ttax law\t\t\t<\/span>\n\t\t\n\t\t<div aria-labelledby=\"elementor-progress-bar-37c116cd\" class=\"elementor-progress-wrapper\" role=\"progressbar\" aria-valuemin=\"0\" aria-valuemax=\"100\" aria-valuenow=\"89\">\n\t\t\t<div class=\"elementor-progress-bar\" data-max=\"89\">\n\t\t\t\t<span class=\"elementor-progress-text\"><\/span>\n\t\t\t\t\t\t\t\t\t<span class=\"elementor-progress-percentage\">89%<\/span>\n\t\t\t\t\t\t\t<\/div>\n\t\t<\/div>\n\t\t\t\t\t\t<\/div>\n\t\t\t\t<\/div>\n\t\t\t\t<div class=\"elementor-element elementor-element-46ade248 elementor-widget elementor-widget-progress\" data-id=\"46ade248\" data-element_type=\"widget\" data-e-type=\"widget\" data-widget_type=\"progress.default\">\n\t\t\t\t<div class=\"elementor-widget-container\">\n\t\t\t\t\t\t\t\t<span class=\"elementor-title\" id=\"elementor-progress-bar-46ade248\">\n\t\t\t\tlegal advice\t\t\t<\/span>\n\t\t\n\t\t<div aria-labelledby=\"elementor-progress-bar-46ade248\" class=\"elementor-progress-wrapper\" role=\"progressbar\" aria-valuemin=\"0\" aria-valuemax=\"100\" aria-valuenow=\"100\">\n\t\t\t<div class=\"elementor-progress-bar\" data-max=\"100\">\n\t\t\t\t<span class=\"elementor-progress-text\"><\/span>\n\t\t\t\t\t\t\t\t\t<span class=\"elementor-progress-percentage\">100%<\/span>\n\t\t\t\t\t\t\t<\/div>\n\t\t<\/div>\n\t\t\t\t\t\t<\/div>\n\t\t\t\t<\/div>\n\t\t\t\t\t<\/div>\n\t\t<\/div>\n\t\t\t\t<div class=\"elementor-column elementor-col-50 elementor-top-column elementor-element elementor-element-6ec22661\" data-id=\"6ec22661\" data-element_type=\"column\" data-e-type=\"column\">\n\t\t\t<div class=\"elementor-widget-wrap elementor-element-populated\">\n\t\t\t\t\t\t<div class=\"elementor-element elementor-element-4b906012 elementor-widget elementor-widget-image\" data-id=\"4b906012\" data-element_type=\"widget\" data-e-type=\"widget\" data-widget_type=\"image.default\">\n\t\t\t\t<div class=\"elementor-widget-container\">\n\t\t\t\t\t\t\t\t\t\t\t\t\t\t\t<img decoding=\"async\" width=\"730\" height=\"697\" src=\"https:\/\/eduardomauricioadvocacia.com\/wp-content\/uploads\/2019\/10\/post-6.png\" class=\"attachment-full size-full wp-image-680\" alt=\"\" srcset=\"https:\/\/eduardomauricioadvocacia.com\/wp-content\/uploads\/2019\/10\/post-6.png 730w, https:\/\/eduardomauricioadvocacia.com\/wp-content\/uploads\/2019\/10\/post-6-300x286.png 300w\" sizes=\"(max-width: 730px) 100vw, 730px\" \/>\t\t\t\t\t\t\t\t\t\t\t\t\t\t\t<\/div>\n\t\t\t\t<\/div>\n\t\t\t\t\t<\/div>\n\t\t<\/div>\n\t\t\t\t\t<\/div>\n\t\t<\/section>\n\t\t\t\t<\/div>\n\t\t","protected":false},"excerpt":{"rendered":"<p>Parceira Dra. Maria Nieves Fern\u00e1ndez P\u00e9rez Ravelo Vis\u00e3o Geral e Experi\u00eancia Experi\u00eancia Advogada inscrita no Colegio de la Abogacia de Madrid n. 45544 Advogada espanhola com mais de 25 anos de experi\u00eancia, na \u00e1rea do Direito Penal, Direito Civil, Direito de Fam\u00edlia, extranjeria e outras \u00e1reas do direito penal. Voc\u00ea merece os melhores Fale Connosco [&hellip;]<\/p>\n","protected":false},"author":3,"featured_media":0,"parent":0,"menu_order":0,"comment_status":"closed","ping_status":"closed","template":"elementor_header_footer","meta":{"_seopress_robots_primary_cat":"","_seopress_titles_title":"","_seopress_titles_desc":"","_seopress_robots_index":"","_seopress_analysis_target_kw":"","footnotes":""},"class_list":["post-5528","page","type-page","status-publish","hentry"],"_links":{"self":[{"href":"https:\/\/eduardomauricioadvocacia.com\/index.php\/wp-json\/wp\/v2\/pages\/5528","targetHints":{"allow":["GET"]}}],"collection":[{"href":"https:\/\/eduardomauricioadvocacia.com\/index.php\/wp-json\/wp\/v2\/pages"}],"about":[{"href":"https:\/\/eduardomauricioadvocacia.com\/index.php\/wp-json\/wp\/v2\/types\/page"}],"author":[{"embeddable":true,"href":"https:\/\/eduardomauricioadvocacia.com\/index.php\/wp-json\/wp\/v2\/users\/3"}],"replies":[{"embeddable":true,"href":"https:\/\/eduardomauricioadvocacia.com\/index.php\/wp-json\/wp\/v2\/comments?post=5528"}],"version-history":[{"count":7,"href":"https:\/\/eduardomauricioadvocacia.com\/index.php\/wp-json\/wp\/v2\/pages\/5528\/revisions"}],"predecessor-version":[{"id":5543,"href":"https:\/\/eduardomauricioadvocacia.com\/index.php\/wp-json\/wp\/v2\/pages\/5528\/revisions\/5543"}],"wp:attachment":[{"href":"https:\/\/eduardomauricioadvocacia.com\/index.php\/wp-json\/wp\/v2\/media?parent=5528"}],"curies":[{"name":"wp","href":"https:\/\/api.w.org\/{rel}","templated":true}]}}